{"id":9840,"date":"2022-02-17T10:17:11","date_gmt":"2022-02-17T09:17:11","guid":{"rendered":"https:\/\/v1.chroniques.org\/?page_id=9840"},"modified":"2023-07-28T11:24:20","modified_gmt":"2023-07-28T09:24:20","slug":"the-platform","status":"publish","type":"page","link":"https:\/\/v1.chroniques.org\/en\/the-platform\/","title":{"rendered":"The platform"},"content":{"rendered":"\n<div class=\"wp-block-buttons is-horizontal is-content-justification-left is-layout-flex wp-container-core-buttons-is-layout-1 wp-block-buttons-is-layout-flex\">\n<div class=\"wp-block-button\"><a class=\"wp-block-button__link has-newyellow-color has-violet-background-color has-text-color has-background wp-element-button\" href=\"https:\/\/v1.chroniques.org\/en\/support-the-creation\/\">Go back to CHRONIQUES Creations<\/a><\/div>\n<\/div>\n\n\n\n<div style=\"height:61px\" aria-hidden=\"true\" class=\"wp-block-spacer\"><\/div>\n\n\n\n<h1 class=\"wp-block-heading is-style-edge\">the plateform<\/h1>\n\n\n\n<div class=\"wp-block-columns is-layout-flex wp-container-core-columns-is-layout-1 wp-block-columns-is-layout-flex\">\n<div class=\"wp-block-column is-layout-flow wp-block-column-is-layout-flow\">\n<p>The CHRONIQUES CREATIONS platform brings together operators from various fields of culture (visual arts, performing arts, music, audiovisual, virtual reality, etc.) who are committed to supporting artists who use and question new digital technologies. <\/p>\n\n\n\n<p>This commitment and this collective work allow a certain agility in the accompaniment of the works for which we think about the ecosystem of the projects with a touring plan sustainable by the partner places.<\/p>\n\n\n\n<p><\/p>\n<\/div>\n\n\n\n<div class=\"wp-block-column is-layout-flow wp-block-column-is-layout-flow\">\n<p class=\"is-style-default\"><\/p>\n\n\n\n<div class=\"wp-block-buttons is-layout-flex wp-block-buttons-is-layout-flex\">\n<div class=\"wp-block-button\"><a class=\"wp-block-button__link has-violet-color has-newyellow-background-color has-text-color has-background wp-element-button\" href=\"https:\/\/indd.adobe.com\/view\/6333e3f8-dca6-4462-abd5-2c5b3e309562\" target=\"_blank\" rel=\"noreferrer noopener\">T\u00e9l\u00e9chargement catalogue 2018<\/a><\/div>\n<\/div>\n\n\n\n<div class=\"wp-block-buttons is-layout-flex wp-block-buttons-is-layout-flex\">\n<div class=\"wp-block-button\"><a class=\"wp-block-button__link has-violet-color has-newyellow-background-color has-text-color has-background wp-element-button\" href=\"https:\/\/indd.adobe.com\/view\/0e1fef76-0232-4a9b-bb2a-31744853a78b\" target=\"_blank\" rel=\"noreferrer noopener\">T\u00e9l\u00e9chargement catalogue 2020<\/a><\/div>\n<\/div>\n\n\n\n<div class=\"wp-block-buttons is-layout-flex wp-block-buttons-is-layout-flex\">\n<div class=\"wp-block-button\"><a class=\"wp-block-button__link has-violet-color has-newyellow-background-color has-text-color has-background wp-element-button\" href=\"https:\/\/assets.adobe.com\/id\/urn:aaid:sc:US:a2a5ac66-7647-4e00-aa48-f428e35e2973?view=published\" target=\"_blank\" rel=\"noreferrer noopener\">T\u00e9l\u00e9chargement catalogue 2022<\/a><\/div>\n<\/div>\n<\/div>\n<\/div>\n\n\n\n<div style=\"height:50px\" aria-hidden=\"true\" class=\"wp-block-spacer\"><\/div>\n\n\n\n<div class=\"wp-block-group alignfull has-violet-background-color has-background\"><div class=\"wp-block-group__inner-container is-layout-flow wp-block-group-is-layout-flow\">\n<div class=\"wp-block-columns is-layout-flex wp-container-core-columns-is-layout-2 wp-block-columns-is-layout-flex\">\n<div class=\"wp-block-column is-layout-flow wp-block-column-is-layout-flow\">\n<p class=\"has-white-color has-text-color\"><strong>The platform&#8217;s co-producers:&nbsp;<\/strong><\/p>\n\n\n\n<p class=\"has-white-color has-text-color\"><a href=\"http:\/\/www.3bisf.com\/\">3 bis f &#8211; Centre d&#8217;arts contemporains d\u2019int\u00e9r\u00eat national<\/a>,<a href=\"https:\/\/www.6mic-aix.fr\/\"><\/a><br><a href=\"https:\/\/www.6mic-aix.fr\/\">6MIC<\/a>,<br><a href=\"https:\/\/www.amicentre.biz\/\">A.<\/a><a rel=\"noreferrer noopener\" href=\"https:\/\/www.amicentre.biz\/\" target=\"_blank\">M.I Aide aux Musiques Innovatrices<\/a>,<a href=\"https:\/\/www.artsvivantsaix.com\/\"><\/a><br><a href=\"https:\/\/www.cfaprovence.com\/fr\/page-daccueil\/\">Centre Franco-Allemand de Provence<\/a>,<a href=\"https:\/\/www.chateauvallon-liberte.fr\/\"><\/a><br><a href=\"https:\/\/www.chateauvallon-liberte.fr\/\">Ch\u00e2teauvallon-Libert\u00e9 &#8211; Sc\u00e8ne nationale<\/a>,<a href=\"https:\/\/www.black-euphoria.com\/\"><\/a><br><a href=\"https:\/\/www.edis-fondsdedotation.fr\/\">EDIS &#8211; Fonds de dotation<\/a><a rel=\"noreferrer noopener\" href=\"https:\/\/legrenierasel-avignon.fr\/\" target=\"_blank\"> \/ Le Grenier \u00e0 Sel<\/a>,<br><a href=\"https:\/\/fabbula.com\/\">Fabbula<\/a>,<a href=\"https:\/\/gmem.org\/\"><\/a><br><a href=\"https:\/\/gmem.org\/\">GMEM Centre national de\u202fcr\u00e9ation musicale<\/a>,<a href=\"http:\/\/www.kelemenis.fr\/fr\/\"><\/a><br><a href=\"http:\/\/www.kelemenis.fr\/fr\/\">KLAP Maison pour la danse<\/a>,<a href=\"https:\/\/lafruitierenumerique.fr\/\"><\/a><br><a href=\"https:\/\/lafruitierenumerique.fr\/\">La Fruiti\u00e8re Num\u00e9rique<\/a>,<a href=\"http:\/\/www.lehublot.net\/home\/\"><\/a><br><a href=\"http:\/\/www.lehublot.net\/\">Le Hublot<\/a>,<a href=\"https:\/\/www.lieuxpublics.com\/\"><\/a><br><a href=\"https:\/\/www.lieuxpublics.com\/\">Lieux Publics &#8211; Centre national et p\u00f4le europ\u00e9en de cr\u00e9ation pour l\u2019espace public<\/a>,<a href=\"https:\/\/festival11.plateformeparallele.com\/festival-parallele-11\"><\/a><br><a href=\"https:\/\/www.nncorsino.com\/fr\/\">Sc\u00e8ne 44 . n + n corsino<\/a>,<a href=\"https:\/\/voyonsvoir.org\/\"><\/a><br><a href=\"http:\/\/voyonsvoir.art\" target=\"_blank\" rel=\"noreferrer noopener\">Voyons voir<\/a>,<br>Centre d\u2019art de Chateauvert,<br><a rel=\"noreferrer noopener\" href=\"https:\/\/www.theatremassalia.com\/\" target=\"_blank\">Th\u00e9\u00e2tre Massalia &#8211; Sc\u00e8ne conventionn\u00e9e d&#8217;int\u00e9r\u00eat national Art Enfance Jeunesse<\/a>,<br><a rel=\"noreferrer noopener\" href=\"http:\/\/www.bi-pole.org\/\" target=\"_blank\">Bi:POLE<\/a>,<br><a rel=\"noreferrer noopener\" href=\"https:\/\/www.dark-euphoria.com\/\" target=\"_blank\">Dark Euphoria<\/a>,<br><a rel=\"noreferrer noopener\" href=\"https:\/\/festival11.plateformeparallele.com\/festival-parallele-11\" target=\"_blank\">Parall\u00e8le &#8211; Festival international des pratiques \u00e9mergentes<\/a><\/p>\n<\/div>\n\n\n\n<div class=\"wp-block-column is-layout-flow wp-block-column-is-layout-flow\">\n<p class=\"has-white-color has-text-color\"><\/p>\n<\/div>\n\n\n\n<div class=\"wp-block-column is-layout-flow wp-block-column-is-layout-flow\">\n<p class=\"has-white-color has-text-color\"><strong>Partners associated with the platform:&nbsp;<\/strong><\/p>\n\n\n\n<p><\/p>\n\n\n\n<p class=\"has-white-color has-text-color\"><a rel=\"noreferrer noopener\" href=\"https:\/\/neuro-marseille.org\/\" target=\"_blank\">Aix-Marseille Universit\u00e9 \/ Institut NeuroMarseille<\/a>,<br><a rel=\"noreferrer noopener\" href=\"https:\/\/www.artsvivantsaix.com\/\" target=\"_blank\">Arts Vivants Aix<\/a>,<a href=\"http:\/\/www.saintex-reims.com\/\">\u00a0<\/a><br><a rel=\"noreferrer noopener\" href=\"http:\/\/www.saintex-reims.com\/\" target=\"_blank\">Saint-Ex<\/a> <a rel=\"noreferrer noopener\" href=\"http:\/\/www.saintex-reims.com\/\" target=\"_blank\">&#8211; Culture Num\u00e9rique &#8211; Reims<\/a>,<br><a rel=\"noreferrer noopener\" href=\"https:\/\/www.theatre-hexagone.eu\/\" target=\"_blank\">Hexagone<\/a>,<br><a rel=\"noreferrer noopener\" href=\"https:\/\/www.biennalenemo.fr\/\" target=\"_blank\">N\u00e9mo &#8211; Biennale internationale des arts num\u00e9riques de la r\u00e9gion \u00cele-de-France<\/a>,<br><a rel=\"noreferrer noopener\" href=\"https:\/\/fr.diversioncinema.com\/\" target=\"_blank\">Diversion Cinema<\/a>,<br><a rel=\"noreferrer noopener\" href=\"https:\/\/www.fetedeslumieres.lyon.fr\/fr\" target=\"_blank\">F\u00eate des Lumi\u00e8res de Lyon<\/a>,<br><a rel=\"noreferrer noopener\" href=\"https:\/\/festival-interstice.net\/\" target=\"_blank\">]Interstice[<\/a>,<br><a rel=\"noreferrer noopener\" href=\"http:\/\/oblique-s.org\/\" target=\"_blank\">Oblique\/s\u00a0&#8211; Arts &amp; Cultures Num\u00e9riques Normandie<\/a>,<a href=\"https:\/\/www.pxn.fr\/\"><\/a><br><a rel=\"noreferrer noopener\" href=\"https:\/\/www.pxn.fr\/\" target=\"_blank\">PXN<\/a><a href=\"https:\/\/www.stereolux.org\/\"> Stereolux<\/a>,<br>la Ga\u00eet\u00e9 Lyrique,<br><a rel=\"noreferrer noopener\" href=\"https:\/\/hacnum.org\/\" target=\"_blank\">R\u00e9seau HACNUM<\/a>,\u00a0<br><a rel=\"noreferrer noopener\" href=\"https:\/\/www.electroni-k.org\/\" target=\"_blank\">Association Electroni[k]<\/a> &#8211; <a rel=\"noreferrer noopener\" href=\"https:\/\/www.maintenant-festival.fr\/\" target=\"_blank\">Festival Maintenant<\/a><br><a rel=\"noreferrer noopener\" href=\"https:\/\/cwb.fr\/\" target=\"_blank\">Centre Wallonie Bruxelles,<br><\/a><a rel=\"noreferrer noopener\" href=\"https:\/\/clab.org.tw\/en\/\" target=\"_blank\">C-LAB<\/a>,<br><a rel=\"noreferrer noopener\" href=\"https:\/\/www.elektramontreal.ca\/?lang=fr\" target=\"_blank\">Elektra<\/a>,<a href=\"https:\/\/sonic-a.co.uk\/\"><\/a><br><a rel=\"noreferrer noopener\" href=\"https:\/\/sonic-a.co.uk\/\" target=\"_blank\">Festival Sonica<\/a>,<a href=\"https:\/\/www.kff.tw\/EN\"><\/a><br><a rel=\"noreferrer noopener\" href=\"https:\/\/levfestival.com\/20\/\" target=\"_blank\">LEV Festival<\/a>,\u00a0<br><a href=\"https:\/\/www.imal.org\/fr\">iMAL<\/a>,<br><a rel=\"noreferrer noopener\" href=\"https:\/\/cesare-cncm.com\/\" data-type=\"URL\" data-id=\"https:\/\/cesare-cncm.com\/\" target=\"_blank\">C\u00e9sar\u00e9, Centre national de cr\u00e9ation musicale<\/a><\/p>\n<\/div>\n<\/div>\n<\/div><\/div>\n\n\n\n<div style=\"height:50px\" aria-hidden=\"true\" class=\"wp-block-spacer\"><\/div>\n\n\n\n<h4 class=\"wp-block-heading\">In 2022, CHRONIQUES creations was :<\/h4>\n\n\n\n<div class=\"wp-block-columns is-layout-flex wp-container-core-columns-is-layout-3 wp-block-columns-is-layout-flex\">\n<div class=\"wp-block-column is-layout-flow wp-block-column-is-layout-flow\">\n<div class=\"wp-block-group numberWrapper\"><div class=\"wp-block-group__inner-container is-layout-flow wp-block-group-is-layout-flow\"><div class=\"numberCount\"><span class=\"numberItem numscroller\" data-min=\"1\" data-max=\"16\" data-delay=\"1\" data-increment=\"1\">16<\/span><\/div>\n\n\n\n<p><meta charset=\"utf-8\"><\/meta>16 creations supported<\/p>\n<\/div><\/div>\n<\/div>\n\n\n\n<div class=\"wp-block-column is-layout-flow wp-block-column-is-layout-flow\">\n<div class=\"wp-block-group numberWrapper\"><div class=\"wp-block-group__inner-container is-layout-flow wp-block-group-is-layout-flow\"><div class=\"numberCount\"><span class=\"numberItem numscroller\" data-min=\"1\" data-max=\"41\" data-delay=\"1\" data-increment=\"1\">41<\/span><\/div>\n\n\n\n<p><meta charset=\"utf-8\"><\/meta>41 partners<\/p>\n<\/div><\/div>\n<\/div>\n\n\n\n<div class=\"wp-block-column is-layout-flow wp-block-column-is-layout-flow\">\n<div class=\"wp-block-group numberWrapper\"><div class=\"wp-block-group__inner-container is-layout-flow wp-block-group-is-layout-flow\"><div class=\"numberCount\"><span class=\"numberItem numscroller\" data-min=\"1\" data-max=\"170\" data-delay=\"1\" data-increment=\"1\">170<\/span><\/div>\n\n\n\n<p>170,000 euros of production funds<\/p>\n<\/div><\/div>\n<\/div>\n<\/div>\n\n\n\n<div style=\"height:227px\" aria-hidden=\"true\" class=\"wp-block-spacer\"><\/div>\n\n\n\n<div class=\"wp-block-columns is-layout-flex wp-container-core-columns-is-layout-4 wp-block-columns-is-layout-flex\">\n<div class=\"wp-block-column is-layout-flow wp-block-column-is-layout-flow\"><div class=\"wp-block-image\">\n<figure class=\"aligncenter size-large is-resized\"><img loading=\"lazy\" decoding=\"async\" src=\"https:\/\/v1.chroniques.org\/wp-content\/uploads\/2022\/09\/3bisF_RVBSimpleNoir-1.png\" alt=\"\" width=\"170\" height=\"69\"\/><\/figure><\/div><\/div>\n\n\n\n<div class=\"wp-block-column is-layout-flow wp-block-column-is-layout-flow\"><div class=\"wp-block-image\">\n<figure class=\"aligncenter size-large is-resized\"><img loading=\"lazy\" decoding=\"async\" src=\"https:\/\/v1.chroniques.org\/wp-content\/uploads\/2022\/09\/6MIC-logo-noirtransparent-2.png\" alt=\"\" width=\"166\" height=\"166\"\/><\/figure><\/div><\/div>\n\n\n\n<div class=\"wp-block-column is-layout-flow wp-block-column-is-layout-flow\"><div class=\"wp-block-image\">\n<figure class=\"aligncenter size-large is-resized\"><img loading=\"lazy\" decoding=\"async\" src=\"https:\/\/v1.chroniques.org\/wp-content\/uploads\/2022\/09\/AMI_logo-fdblanc-snbaseline-Converti-2.png\" alt=\"\" width=\"64\" height=\"112\"\/><\/figure><\/div><\/div>\n<\/div>\n\n\n\n<div style=\"height:41px\" aria-hidden=\"true\" class=\"wp-block-spacer\"><\/div>\n\n\n\n<div class=\"wp-block-columns is-layout-flex wp-container-core-columns-is-layout-5 wp-block-columns-is-layout-flex\">\n<div class=\"wp-block-column is-layout-flow wp-block-column-is-layout-flow\"><div class=\"wp-block-image\">\n<figure class=\"aligncenter size-large is-resized\"><img loading=\"lazy\" decoding=\"async\" src=\"https:\/\/v1.chroniques.org\/wp-content\/uploads\/2022\/09\/CentreFA_CMJNBlanc-1.png\" alt=\"\" width=\"117\" height=\"102\"\/><\/figure><\/div><\/div>\n\n\n\n<div class=\"wp-block-column is-layout-flow wp-block-column-is-layout-flow\"><div class=\"wp-block-image\">\n<figure class=\"aligncenter size-full is-resized\"><img loading=\"lazy\" decoding=\"async\" src=\"https:\/\/v1.chroniques.org\/wp-content\/uploads\/2023\/04\/chateau-1.png\" alt=\"\" class=\"wp-image-25212\" width=\"104\" height=\"163\"\/><\/figure><\/div><\/div>\n\n\n\n<div class=\"wp-block-column is-layout-flow wp-block-column-is-layout-flow\"><div class=\"wp-block-image\">\n<figure class=\"aligncenter size-large is-resized\"><img loading=\"lazy\" decoding=\"async\" src=\"https:\/\/v1.chroniques.org\/wp-content\/uploads\/2023\/04\/7a9fee_0243cf6c8ce9453797ab7a47e41b8f7d_mv2.png\" alt=\"\" width=\"156\" height=\"48\"\/><\/figure><\/div>\n\n<div class=\"wp-block-image\">\n<figure class=\"aligncenter size-large is-resized\"><img loading=\"lazy\" decoding=\"async\" src=\"https:\/\/v1.chroniques.org\/wp-content\/uploads\/2022\/09\/GRENIER_A_SEL_NB-1.png\" alt=\"\" width=\"205\" height=\"39\"\/><\/figure><\/div><\/div>\n<\/div>\n\n\n\n<div style=\"height:41px\" aria-hidden=\"true\" class=\"wp-block-spacer\"><\/div>\n\n\n\n<div class=\"wp-block-columns is-layout-flex wp-container-core-columns-is-layout-6 wp-block-columns-is-layout-flex\">\n<div class=\"wp-block-column is-layout-flow wp-block-column-is-layout-flow\"><div class=\"wp-block-image\">\n<figure class=\"aligncenter size-large is-resized\"><img loading=\"lazy\" decoding=\"async\" src=\"https:\/\/v1.chroniques.org\/wp-content\/uploads\/2022\/09\/FABBULA-1.png\" alt=\"\" width=\"160\" height=\"42\"\/><\/figure><\/div><\/div>\n\n\n\n<div class=\"wp-block-column is-layout-flow wp-block-column-is-layout-flow\"><div class=\"wp-block-image\">\n<figure class=\"aligncenter size-large is-resized\"><img loading=\"lazy\" decoding=\"async\" src=\"https:\/\/v1.chroniques.org\/wp-content\/uploads\/2022\/09\/1_GMEM_Logo_Avec_Baseline_Noir_RVB_500x288-3.png\" alt=\"\" width=\"207\" height=\"99\"\/><\/figure><\/div><\/div>\n\n\n\n<div class=\"wp-block-column is-layout-flow wp-block-column-is-layout-flow\"><div class=\"wp-block-image\">\n<figure class=\"aligncenter size-large is-resized\"><img loading=\"lazy\" decoding=\"async\" src=\"https:\/\/v1.chroniques.org\/wp-content\/uploads\/2022\/09\/KLAP_BW_HD-2.png\" alt=\"\" width=\"199\" height=\"37\"\/><\/figure><\/div><\/div>\n<\/div>\n\n\n\n<div style=\"height:41px\" aria-hidden=\"true\" class=\"wp-block-spacer\"><\/div>\n\n\n\n<div class=\"wp-block-columns is-layout-flex wp-container-core-columns-is-layout-7 wp-block-columns-is-layout-flex\">\n<div class=\"wp-block-column is-layout-flow wp-block-column-is-layout-flow\"><div class=\"wp-block-image\">\n<figure class=\"aligncenter size-large is-resized\"><img loading=\"lazy\" decoding=\"async\" src=\"https:\/\/v1.chroniques.org\/wp-content\/uploads\/2022\/09\/FRUITIERE_NUMERIQUE_NOIR.png\" alt=\"\" width=\"191\" height=\"102\"\/><\/figure><\/div><\/div>\n\n\n\n<div class=\"wp-block-column is-layout-flow wp-block-column-is-layout-flow\"><div class=\"wp-block-image\">\n<figure class=\"aligncenter size-large is-resized\"><img loading=\"lazy\" decoding=\"async\" src=\"https:\/\/v1.chroniques.org\/wp-content\/uploads\/2022\/09\/LE_HUBLOT-1.png\" alt=\"\" width=\"192\" height=\"125\"\/><\/figure><\/div><\/div>\n\n\n\n<div class=\"wp-block-column is-layout-flow wp-block-column-is-layout-flow\"><div class=\"wp-block-image\">\n<figure class=\"aligncenter size-large is-resized\"><img loading=\"lazy\" decoding=\"async\" src=\"https:\/\/v1.chroniques.org\/wp-content\/uploads\/2022\/09\/LIEUXPUB.png\" alt=\"\" width=\"161\" height=\"97\"\/><\/figure><\/div><\/div>\n<\/div>\n\n\n\n<div style=\"height:41px\" aria-hidden=\"true\" class=\"wp-block-spacer\"><\/div>\n\n\n\n<div class=\"wp-block-columns is-layout-flex wp-container-core-columns-is-layout-8 wp-block-columns-is-layout-flex\">\n<div class=\"wp-block-column is-layout-flow wp-block-column-is-layout-flow\"><div class=\"wp-block-image\">\n<figure class=\"aligncenter size-large is-resized\"><img loading=\"lazy\" decoding=\"async\" src=\"https:\/\/v1.chroniques.org\/wp-content\/uploads\/2022\/09\/SCENE_44-2.png\" alt=\"\" width=\"196\" height=\"31\"\/><\/figure><\/div><\/div>\n\n\n\n<div class=\"wp-block-column is-layout-flow wp-block-column-is-layout-flow\"><div class=\"wp-block-image\">\n<figure class=\"aligncenter size-large is-resized\"><img loading=\"lazy\" decoding=\"async\" src=\"https:\/\/v1.chroniques.org\/wp-content\/uploads\/2022\/09\/VOYONS-VOIR-NOIR-1.jpg\" alt=\"\" width=\"120\" height=\"119\"\/><\/figure><\/div><\/div>\n\n\n\n<div class=\"wp-block-column is-layout-flow wp-block-column-is-layout-flow\"><div class=\"wp-block-image\">\n<figure class=\"aligncenter size-full is-resized\"><img loading=\"lazy\" decoding=\"async\" src=\"https:\/\/v1.chroniques.org\/wp-content\/uploads\/2023\/04\/chateauvert.png\" alt=\"\" class=\"wp-image-25208\" width=\"110\" height=\"172\"\/><\/figure><\/div><\/div>\n<\/div>\n\n\n\n<div style=\"height:41px\" aria-hidden=\"true\" class=\"wp-block-spacer\"><\/div>\n\n\n\n<div class=\"wp-block-columns is-layout-flex wp-container-core-columns-is-layout-9 wp-block-columns-is-layout-flex\">\n<div class=\"wp-block-column is-layout-flow wp-block-column-is-layout-flow\"><div class=\"wp-block-image\">\n<figure class=\"aligncenter size-large is-resized\"><img loading=\"lazy\" decoding=\"async\" src=\"https:\/\/v1.chroniques.org\/wp-content\/uploads\/2022\/09\/MASSALIAAA-1.png\" alt=\"\" width=\"129\" height=\"56\"\/><\/figure><\/div><\/div>\n\n\n\n<div class=\"wp-block-column is-layout-flow wp-block-column-is-layout-flow\"><div class=\"wp-block-image\">\n<figure class=\"aligncenter size-large is-resized\"><img loading=\"lazy\" decoding=\"async\" src=\"https:\/\/v1.chroniques.org\/wp-content\/uploads\/2022\/09\/BIPOLE-NOIR-1.png\" alt=\"\" width=\"183\" height=\"35\"\/><\/figure><\/div><\/div>\n\n\n\n<div class=\"wp-block-column is-layout-flow wp-block-column-is-layout-flow\"><div class=\"wp-block-image\">\n<figure class=\"aligncenter size-large is-resized\"><img loading=\"lazy\" decoding=\"async\" src=\"https:\/\/v1.chroniques.org\/wp-content\/uploads\/2022\/09\/DARK-EUPHORIA-1.jpg\" alt=\"\" width=\"117\" height=\"117\"\/><\/figure><\/div><\/div>\n<\/div>\n\n\n\n<div style=\"height:41px\" aria-hidden=\"true\" class=\"wp-block-spacer\"><\/div>\n\n\n\n<div class=\"wp-block-columns is-layout-flex wp-container-core-columns-is-layout-10 wp-block-columns-is-layout-flex\">\n<div class=\"wp-block-column is-layout-flow wp-block-column-is-layout-flow\"><div class=\"wp-block-image\">\n<figure class=\"aligncenter size-large is-resized\"><img loading=\"lazy\" decoding=\"async\" src=\"https:\/\/v1.chroniques.org\/wp-content\/uploads\/2022\/09\/Parallele-logore\u0301duit.png\" alt=\"\" width=\"175\" height=\"47\"\/><\/figure><\/div><\/div>\n\n\n\n<div class=\"wp-block-column is-layout-flow wp-block-column-is-layout-flow\"><\/div>\n\n\n\n<div class=\"wp-block-column is-layout-flow wp-block-column-is-layout-flow\"><\/div>\n<\/div>\n\n\n\n<div style=\"height:41px\" aria-hidden=\"true\" class=\"wp-block-spacer\"><\/div>\n","protected":false},"excerpt":{"rendered":"<p>the plateform The CHRONIQUES CREATIONS platform brings together operators from various fields of culture (visual arts, performing arts, music, audiovisual, [&hellip;]<\/p>\n","protected":false},"author":3,"featured_media":6850,"parent":0,"menu_order":0,"comment_status":"closed","ping_status":"closed","template":"","meta":{"footnotes":""},"_links":{"self":[{"href":"https:\/\/v1.chroniques.org\/en\/wp-json\/wp\/v2\/pages\/9840"}],"collection":[{"href":"https:\/\/v1.chroniques.org\/en\/wp-json\/wp\/v2\/pages"}],"about":[{"href":"https:\/\/v1.chroniques.org\/en\/wp-json\/wp\/v2\/types\/page"}],"author":[{"embeddable":true,"href":"https:\/\/v1.chroniques.org\/en\/wp-json\/wp\/v2\/users\/3"}],"replies":[{"embeddable":true,"href":"https:\/\/v1.chroniques.org\/en\/wp-json\/wp\/v2\/comments?post=9840"}],"version-history":[{"count":6,"href":"https:\/\/v1.chroniques.org\/en\/wp-json\/wp\/v2\/pages\/9840\/revisions"}],"predecessor-version":[{"id":25968,"href":"https:\/\/v1.chroniques.org\/en\/wp-json\/wp\/v2\/pages\/9840\/revisions\/25968"}],"wp:featuredmedia":[{"embeddable":true,"href":"https:\/\/v1.chroniques.org\/en\/wp-json\/wp\/v2\/media\/6850"}],"wp:attachment":[{"href":"https:\/\/v1.chroniques.org\/en\/wp-json\/wp\/v2\/media?parent=9840"}],"curies":[{"name":"wp","href":"https:\/\/api.w.org\/{rel}","templated":true}]}}