{"id":6856,"date":"2021-04-23T13:56:12","date_gmt":"2021-04-23T11:56:12","guid":{"rendered":"https:\/\/v1.chroniques.org\/?page_id=6856"},"modified":"2022-09-01T14:44:40","modified_gmt":"2022-09-01T12:44:40","slug":"apply-with-an-existing-artwork","status":"publish","type":"page","link":"https:\/\/v1.chroniques.org\/en\/apply-with-an-existing-artwork-2\/apply-with-an-existing-artwork\/","title":{"rendered":"APPLY WITH AN EXISTING ARTWORK"},"content":{"rendered":"\n<figure class=\"wp-block-image size-large logoProductionYellow\"><a href=\"https:\/\/v1.chroniques.org\/production\/\"><img loading=\"lazy\" decoding=\"async\" width=\"1024\" height=\"239\" src=\"https:\/\/v1.chroniques.org\/wp-content\/uploads\/2020\/07\/logo-PRODUCTION-yellow-1024x239.png\" alt=\"\" class=\"wp-image-276\" srcset=\"https:\/\/v1.chroniques.org\/wp-content\/uploads\/2020\/07\/logo-PRODUCTION-yellow-1024x239.png 1024w, https:\/\/v1.chroniques.org\/wp-content\/uploads\/2020\/07\/logo-PRODUCTION-yellow-300x70.png 300w, https:\/\/v1.chroniques.org\/wp-content\/uploads\/2020\/07\/logo-PRODUCTION-yellow-768x180.png 768w, https:\/\/v1.chroniques.org\/wp-content\/uploads\/2020\/07\/logo-PRODUCTION-yellow.png 1300w\" sizes=\"(max-width: 1024px) 100vw, 1024px\" \/><\/a><\/figure>\n\n\n\n<div class=\"wp-block-columns is-layout-flex wp-container-core-columns-is-layout-1 wp-block-columns-is-layout-flex\">\n<div class=\"wp-block-column offsetLeft is-layout-flow wp-block-column-is-layout-flow\">\n<h2 class=\"is-style-edge wp-block-heading\"><strong>APPLY WITH AN EXISTING ARTWORK<\/strong><\/h2>\n<\/div>\n<\/div>\n\n\n\n<div style=\"height:40px\" aria-hidden=\"true\" class=\"wp-block-spacer\"><\/div>\n\n\n\n<div class=\"wp-block-columns is-layout-flex wp-container-core-columns-is-layout-2 wp-block-columns-is-layout-flex\">\n<div class=\"wp-block-column offsetLeft is-layout-flow wp-block-column-is-layout-flow\" style=\"flex-basis:80%\">\n<div class=\"wp-block-contact-form-7-contact-form-selector\">\n<div class=\"wpcf7 no-js\" id=\"wpcf7-f6982-o1\" lang=\"fr-FR\" dir=\"ltr\">\n<div class=\"screen-reader-response\"><p role=\"status\" aria-live=\"polite\" aria-atomic=\"true\"><\/p> <ul><\/ul><\/div>\n<form action=\"\/en\/wp-json\/wp\/v2\/pages\/6856#wpcf7-f6982-o1\" method=\"post\" class=\"wpcf7-form init\" aria-label=\"Formulaire de contact\" novalidate=\"novalidate\" data-status=\"init\">\n<div style=\"display: none;\">\n<input type=\"hidden\" name=\"_wpcf7\" value=\"6982\" \/>\n<input type=\"hidden\" name=\"_wpcf7_version\" value=\"5.7.6\" \/>\n<input type=\"hidden\" name=\"_wpcf7_locale\" value=\"fr_FR\" \/>\n<input type=\"hidden\" name=\"_wpcf7_unit_tag\" value=\"wpcf7-f6982-o1\" \/>\n<input type=\"hidden\" name=\"_wpcf7_container_post\" value=\"0\" \/>\n<input type=\"hidden\" name=\"_wpcf7_posted_data_hash\" value=\"\" \/>\n<\/div>\n<p><label>Fist name of the artist<br \/>\n<span class=\"wpcf7-form-control-wrap\" data-name=\"your-name\"><input size=\"40\" class=\"wpcf7-form-control wpcf7-text wpcf7-validates-as-required\" aria-required=\"true\" aria-invalid=\"false\" value=\"\" type=\"text\" name=\"your-name\" \/><\/span><\/label>\n<\/p>\n<p><label>Last name of the artist<br \/>\n<span class=\"wpcf7-form-control-wrap\" data-name=\"lastname\"><input size=\"40\" class=\"wpcf7-form-control wpcf7-text wpcf7-validates-as-required\" aria-required=\"true\" aria-invalid=\"false\" value=\"\" type=\"text\" name=\"lastname\" \/><\/span><\/label>\n<\/p>\n<p><label>Alias<br \/>\n<span class=\"wpcf7-form-control-wrap\" data-name=\"alias\"><input size=\"40\" class=\"wpcf7-form-control wpcf7-text wpcf7-validates-as-required\" aria-required=\"true\" aria-invalid=\"false\" value=\"\" type=\"text\" name=\"alias\" \/><\/span><\/label>\n<\/p>\n<p><label>Gender :<\/label><span class=\"wpcf7-form-control-wrap\" data-name=\"gender\"><span class=\"wpcf7-form-control wpcf7-radio\"><span class=\"wpcf7-list-item first\"><label><input type=\"radio\" name=\"gender\" value=\"Woman\" checked=\"checked\" \/><span class=\"wpcf7-list-item-label\">Woman<\/span><\/label><\/span><span class=\"wpcf7-list-item\"><label><input type=\"radio\" name=\"gender\" value=\"Man\" \/><span class=\"wpcf7-list-item-label\">Man<\/span><\/label><\/span><span class=\"wpcf7-list-item\"><label><input type=\"radio\" name=\"gender\" value=\"Non Binary\" \/><span class=\"wpcf7-list-item-label\">Non Binary<\/span><\/label><\/span><span class=\"wpcf7-list-item last\"><label><input type=\"radio\" name=\"gender\" value=\"Other\" \/><span class=\"wpcf7-list-item-label\">Other<\/span><\/label><\/span><\/span><\/span>\n<\/p>\n<p><label>Nationality<br \/>\n<span class=\"wpcf7-form-control-wrap\" data-name=\"your-nationality\"><input size=\"40\" class=\"wpcf7-form-control wpcf7-text wpcf7-validates-as-required\" aria-required=\"true\" aria-invalid=\"false\" value=\"\" type=\"text\" name=\"your-nationality\" \/><\/span><\/label>\n<\/p>\n<p><label>Spoken languages<br \/>\n<span class=\"wpcf7-form-control-wrap\" data-name=\"languages\"><input size=\"40\" class=\"wpcf7-form-control wpcf7-text wpcf7-validates-as-required\" aria-required=\"true\" aria-invalid=\"false\" value=\"\" type=\"text\" name=\"languages\" \/><\/span><\/label>\n<\/p>\n<p><label>City (and country)<br \/>\n<span class=\"wpcf7-form-control-wrap\" data-name=\"city\"><input size=\"40\" class=\"wpcf7-form-control wpcf7-text\" aria-invalid=\"false\" value=\"\" type=\"text\" name=\"city\" \/><\/span><\/label>\n<\/p>\n<p><label>Email address<br \/>\n<span class=\"wpcf7-form-control-wrap\" data-name=\"your-email\"><input size=\"40\" class=\"wpcf7-form-control wpcf7-text wpcf7-email wpcf7-validates-as-required wpcf7-validates-as-email\" aria-required=\"true\" aria-invalid=\"false\" value=\"\" type=\"email\" name=\"your-email\" \/><\/span><\/label>\n<\/p>\n<p><label>Phone number<br \/>\n<span class=\"wpcf7-form-control-wrap\" data-name=\"tel\"><input size=\"40\" class=\"wpcf7-form-control wpcf7-text wpcf7-tel wpcf7-validates-as-required wpcf7-validates-as-tel\" aria-required=\"true\" aria-invalid=\"false\" value=\"\" type=\"tel\" name=\"tel\" \/><\/span><\/label>\n<\/p>\n<p><label>Website<br \/>\n<span class=\"wpcf7-form-control-wrap\" data-name=\"website\"><input size=\"40\" class=\"wpcf7-form-control wpcf7-text wpcf7-url wpcf7-validates-as-url\" aria-invalid=\"false\" value=\"\" type=\"url\" name=\"website\" \/><\/span><\/label>\n<\/p>\n<p><label>instagram URL (optionnal)<br \/>\n<span class=\"wpcf7-form-control-wrap\" data-name=\"insta\"><input size=\"40\" class=\"wpcf7-form-control wpcf7-text wpcf7-url wpcf7-validates-as-url\" aria-invalid=\"false\" value=\"\" type=\"url\" name=\"insta\" \/><\/span><\/label>\n<\/p>\n<p><label>Facebook URL (optionnal)<br \/>\n<span class=\"wpcf7-form-control-wrap\" data-name=\"facebook\"><input size=\"40\" class=\"wpcf7-form-control wpcf7-text wpcf7-url wpcf7-validates-as-url\" aria-invalid=\"false\" value=\"\" type=\"url\" name=\"facebook\" \/><\/span><\/label>\n<\/p>\n<p><label>Project Name<br \/>\n<span class=\"wpcf7-form-control-wrap\" data-name=\"your-project-name\"><input size=\"40\" class=\"wpcf7-form-control wpcf7-text wpcf7-validates-as-required\" aria-required=\"true\" aria-invalid=\"false\" value=\"\" type=\"text\" name=\"your-project-name\" \/><\/span><\/label>\n<\/p>\n<p><label><strong>Project Type:<\/strong><\/label><br \/>\n<span class=\"wpcf7-form-control-wrap\" data-name=\"your-disciplines\"><span class=\"wpcf7-form-control wpcf7-checkbox\"><span class=\"wpcf7-list-item first\"><label><input type=\"checkbox\" name=\"your-disciplines[]\" value=\"Installation\" \/><span class=\"wpcf7-list-item-label\">Installation<\/span><\/label><\/span><span class=\"wpcf7-list-item\"><label><input type=\"checkbox\" name=\"your-disciplines[]\" value=\"Installation sonore\" \/><span class=\"wpcf7-list-item-label\">Installation sonore<\/span><\/label><\/span><span class=\"wpcf7-list-item\"><label><input type=\"checkbox\" name=\"your-disciplines[]\" value=\"Installation R\u00e9alit\u00e9 Augment\u00e9e\" \/><span class=\"wpcf7-list-item-label\">Installation R\u00e9alit\u00e9 Augment\u00e9e<\/span><\/label><\/span><span class=\"wpcf7-list-item\"><label><input type=\"checkbox\" name=\"your-disciplines[]\" value=\"Installation vid\u00e9o\" \/><span class=\"wpcf7-list-item-label\">Installation vid\u00e9o<\/span><\/label><\/span><span class=\"wpcf7-list-item\"><label><input type=\"checkbox\" name=\"your-disciplines[]\" value=\"Vid\u00e9o\" \/><span class=\"wpcf7-list-item-label\">Vid\u00e9o<\/span><\/label><\/span><span class=\"wpcf7-list-item\"><label><input type=\"checkbox\" name=\"your-disciplines[]\" value=\"Spectacle\" \/><span class=\"wpcf7-list-item-label\">Spectacle<\/span><\/label><\/span><span class=\"wpcf7-list-item\"><label><input type=\"checkbox\" name=\"your-disciplines[]\" value=\"Spectacle VR\" \/><span class=\"wpcf7-list-item-label\">Spectacle VR<\/span><\/label><\/span><span class=\"wpcf7-list-item\"><label><input type=\"checkbox\" name=\"your-disciplines[]\" value=\"Spectacle jeune public\" \/><span class=\"wpcf7-list-item-label\">Spectacle jeune public<\/span><\/label><\/span><span class=\"wpcf7-list-item\"><label><input type=\"checkbox\" name=\"your-disciplines[]\" value=\"Performance\" \/><span class=\"wpcf7-list-item-label\">Performance<\/span><\/label><\/span><span class=\"wpcf7-list-item\"><label><input type=\"checkbox\" name=\"your-disciplines[]\" value=\"Performance live\" \/><span class=\"wpcf7-list-item-label\">Performance live<\/span><\/label><\/span><span class=\"wpcf7-list-item\"><label><input type=\"checkbox\" name=\"your-disciplines[]\" value=\"Espace public\" \/><span class=\"wpcf7-list-item-label\">Espace public<\/span><\/label><\/span><span class=\"wpcf7-list-item\"><label><input type=\"checkbox\" name=\"your-disciplines[]\" value=\"Espace public performance\" \/><span class=\"wpcf7-list-item-label\">Espace public performance<\/span><\/label><\/span><span class=\"wpcf7-list-item\"><label><input type=\"checkbox\" name=\"your-disciplines[]\" value=\"Live AV\" \/><span class=\"wpcf7-list-item-label\">Live AV<\/span><\/label><\/span><span class=\"wpcf7-list-item\"><label><input type=\"checkbox\" name=\"your-disciplines[]\" value=\"Musique\" \/><span class=\"wpcf7-list-item-label\">Musique<\/span><\/label><\/span><span class=\"wpcf7-list-item\"><label><input type=\"checkbox\" name=\"your-disciplines[]\" value=\"VR AR XR\" \/><span class=\"wpcf7-list-item-label\">VR AR XR<\/span><\/label><\/span><span class=\"wpcf7-list-item\"><label><input type=\"checkbox\" name=\"your-disciplines[]\" value=\"Immersif 360\" \/><span class=\"wpcf7-list-item-label\">Immersif 360<\/span><\/label><\/span><span class=\"wpcf7-list-item\"><label><input type=\"checkbox\" name=\"your-disciplines[]\" value=\"Th\u00e9\u00e2tre immersif\" \/><span class=\"wpcf7-list-item-label\">Th\u00e9\u00e2tre immersif<\/span><\/label><\/span><span class=\"wpcf7-list-item\"><label><input type=\"checkbox\" name=\"your-disciplines[]\" value=\"R\u00e9alit\u00e9 Augment\u00e9e\" \/><span class=\"wpcf7-list-item-label\">R\u00e9alit\u00e9 Augment\u00e9e<\/span><\/label><\/span><span class=\"wpcf7-list-item\"><label><input type=\"checkbox\" name=\"your-disciplines[]\" value=\"Photographie\" \/><span class=\"wpcf7-list-item-label\">Photographie<\/span><\/label><\/span><span class=\"wpcf7-list-item\"><label><input type=\"checkbox\" name=\"your-disciplines[]\" value=\"DJ Set\" \/><span class=\"wpcf7-list-item-label\">DJ Set<\/span><\/label><\/span><span class=\"wpcf7-list-item last\"><label><input type=\"checkbox\" name=\"your-disciplines[]\" value=\"Studio\" \/><span class=\"wpcf7-list-item-label\">Studio<\/span><\/label><\/span><\/span><\/span>\n<\/p>\n<p><label><strong>Project presentation (video link)<\/strong><br \/>\n<span class=\"wpcf7-form-control-wrap\" data-name=\"url-presentation-projet\"><input size=\"40\" class=\"wpcf7-form-control wpcf7-text wpcf7-url wpcf7-validates-as-url\" aria-invalid=\"false\" placeholder=\"URL video\" value=\"\" type=\"url\" name=\"url-presentation-projet\" \/><\/span><\/label>\n<\/p>\n<p><label>Password (optional)<br \/>\n<span class=\"wpcf7-form-control-wrap\" data-name=\"your-video-passwd\"><input size=\"40\" class=\"wpcf7-form-control wpcf7-text\" aria-invalid=\"false\" value=\"\" type=\"text\" name=\"your-video-passwd\" \/><\/span><\/label>\n<\/p>\n<p><strong>AND \/ OR<\/strong>\n<\/p>\n<p><label><strong>Description of the projet<\/strong><br \/>\n<span class=\"wpcf7-form-control-wrap\" data-name=\"description\"><textarea cols=\"40\" rows=\"10\" class=\"wpcf7-form-control wpcf7-textarea\" aria-invalid=\"false\" name=\"description\"><\/textarea><\/span><\/label>\n<\/p>\n<p><label><strong>Link to technical file available online<\/strong><br \/>\n<span class=\"wpcf7-form-control-wrap\" data-name=\"fichetechnique\"><input size=\"40\" class=\"wpcf7-form-control wpcf7-text wpcf7-url wpcf7-validates-as-url\" aria-invalid=\"false\" value=\"\" type=\"url\" name=\"fichetechnique\" \/><\/span><\/label>\n<\/p>\n<p><label>Possibility of an online format for the artwork :<\/label><span class=\"wpcf7-form-control-wrap\" data-name=\"online\"><span class=\"wpcf7-form-control wpcf7-radio\"><span class=\"wpcf7-list-item first\"><label><input type=\"radio\" name=\"online\" value=\"Yes\" checked=\"checked\" \/><span class=\"wpcf7-list-item-label\">Yes<\/span><\/label><\/span><span class=\"wpcf7-list-item last\"><label><input type=\"radio\" name=\"online\" value=\"No\" \/><span class=\"wpcf7-list-item-label\">No<\/span><\/label><\/span><\/span><\/span>\n<\/p>\n<p><label>Space required (dimensions and volume for the touring of the artwork) :<br \/>\n<span class=\"wpcf7-form-control-wrap\" data-name=\"space\"><input size=\"40\" class=\"wpcf7-form-control wpcf7-text\" aria-invalid=\"false\" value=\"\" type=\"text\" name=\"space\" \/><\/span><\/label>\n<\/p>\n<p><label>Duration of the performance (if show) or film (if video)<br \/>\n<span class=\"wpcf7-form-control-wrap\" data-name=\"duration\"><input size=\"40\" class=\"wpcf7-form-control wpcf7-text\" aria-invalid=\"false\" value=\"\" type=\"text\" name=\"duration\" \/><\/span><\/label>\n<\/p>\n<p><label>Blackening out : <\/label><span class=\"wpcf7-form-control-wrap\" data-name=\"black\"><span class=\"wpcf7-form-control wpcf7-radio\"><span class=\"wpcf7-list-item first\"><label><input type=\"radio\" name=\"black\" value=\"Yes\" checked=\"checked\" \/><span class=\"wpcf7-list-item-label\">Yes<\/span><\/label><\/span><span class=\"wpcf7-list-item last\"><label><input type=\"radio\" name=\"black\" value=\"No\" \/><span class=\"wpcf7-list-item-label\">No<\/span><\/label><\/span><\/span><\/span>\n<\/p>\n<p><label>Sound : <\/label><span class=\"wpcf7-form-control-wrap\" data-name=\"sound\"><span class=\"wpcf7-form-control wpcf7-radio\"><span class=\"wpcf7-list-item first\"><label><input type=\"radio\" name=\"sound\" value=\"Yes\" checked=\"checked\" \/><span class=\"wpcf7-list-item-label\">Yes<\/span><\/label><\/span><span class=\"wpcf7-list-item last\"><label><input type=\"radio\" name=\"sound\" value=\"No\" \/><span class=\"wpcf7-list-item-label\">No<\/span><\/label><\/span><\/span><\/span>\n<\/p>\n<p><label><strong>Photo, audio and\/or video elements :<\/strong><\/label>\n<\/p>\n<p><label>Link 1 : <span class=\"wpcf7-form-control-wrap\" data-name=\"lien1\"><input size=\"40\" class=\"wpcf7-form-control wpcf7-text wpcf7-url wpcf7-validates-as-url\" aria-invalid=\"false\" value=\"\" type=\"url\" name=\"lien1\" \/><\/span><\/label>\n<\/p>\n<p><label>Link 2 : <span class=\"wpcf7-form-control-wrap\" data-name=\"lien2\"><input size=\"40\" class=\"wpcf7-form-control wpcf7-text wpcf7-url wpcf7-validates-as-url\" aria-invalid=\"false\" value=\"\" type=\"url\" name=\"lien2\" \/><\/span><\/label>\n<\/p>\n<p><label>Link 3 : <span class=\"wpcf7-form-control-wrap\" data-name=\"lien3\"><input size=\"40\" class=\"wpcf7-form-control wpcf7-text wpcf7-url wpcf7-validates-as-url\" aria-invalid=\"false\" value=\"\" type=\"url\" name=\"lien3\" \/><\/span><\/label>\n<\/p>\n<p><input class=\"wpcf7-form-control has-spinner wpcf7-submit\" type=\"submit\" value=\"Send\" \/>\n<\/p><div class=\"wpcf7-response-output\" aria-hidden=\"true\"><\/div>\n<\/form>\n<\/div>\n<\/div>\n<\/div>\n\n\n\n<div class=\"wp-block-column is-layout-flow wp-block-column-is-layout-flow\"><\/div>\n<\/div>\n\n\n\n<div style=\"height:100px\" aria-hidden=\"true\" class=\"wp-block-spacer\"><\/div>\n\n\n\n<div class=\"wp-block-group alignfull dossiersProdWrapper has-light-grey-background-color has-background\"><div class=\"wp-block-group__inner-container is-layout-flow wp-block-group-is-layout-flow\">\n<h2 class=\"is-style-edge wp-block-heading\"><strong>CALL FOR PROJECTS<\/strong><\/h2>\n\n\n\n<div class=\"wp-block-columns alignfull is-layout-flex wp-container-core-columns-is-layout-3 wp-block-columns-is-layout-flex\">\n<div class=\"wp-block-column is-layout-flow wp-block-column-is-layout-flow\"><div class=\"iconLinkBlock\">\n\n    <a href=\"https:\/\/v1.chroniques.org\/en\/production\/international-transdisciplinary-creation\/\"  >\n    \n        \n        <div class=\"postThumbnailWrapper\">\n                                                        <img data-src=\"https:\/\/v1.chroniques.org\/wp-content\/uploads\/2021\/04\/PICTO-AAP-TRANSDISCIPLINAIRE-noir-1000x1000.png\" \n                     data-srcset=\"https:\/\/v1.chroniques.org\/wp-content\/uploads\/2021\/04\/PICTO-AAP-TRANSDISCIPLINAIRE-noir-360x360.png 360w, https:\/\/v1.chroniques.org\/wp-content\/uploads\/2021\/04\/PICTO-AAP-TRANSDISCIPLINAIRE-noir-1000x1000.png 1000w\" \n                     sizes=\"(min-width: 1600px) 510px, \n                            (min-width: 780px) 33vw,\n                            (min-width: 600px) 50vw,\n                             95vw\"\n                     data-sizes=\"auto\" \n                     alt=\"\" class=\"lazyload\" \n                     width=\"500\" \n                     height=\"500\" \/>\n                <\/div>\n        \n        <div class=\"imageLinkTxt\">\n        <h4 class=\"imageLinkTitre\">INTERNATIONAL TRANSDISCIPLINARY CREATION<\/h4>                <p class=\"btnWrapper\"><span class=\"btn\"><strong> Apply<\/strong> <i class=\"fas fa-long-arrow-alt-right\"><\/i><\/p>        <\/div>\n\n    <\/a>\n   \n<\/div><\/div>\n\n\n\n<div class=\"wp-block-column is-layout-flow wp-block-column-is-layout-flow\"><div class=\"iconLinkBlock\">\n\n    <a href=\"https:\/\/v1.chroniques.org\/en\/production\/international-transdisciplinary-creation\/\"  >\n    \n        \n        <div class=\"postThumbnailWrapper\">\n                                                        <img data-src=\"https:\/\/v1.chroniques.org\/wp-content\/uploads\/2021\/04\/PICTO-ESPACE-PUBLIC-noir.png\" \n                     data-srcset=\"https:\/\/v1.chroniques.org\/wp-content\/uploads\/2021\/04\/PICTO-ESPACE-PUBLIC-noir.png 360w, https:\/\/v1.chroniques.org\/wp-content\/uploads\/2021\/04\/PICTO-ESPACE-PUBLIC-noir.png 1000w\" \n                     sizes=\"(min-width: 1600px) 510px, \n                            (min-width: 780px) 33vw,\n                            (min-width: 600px) 50vw,\n                             95vw\"\n                     data-sizes=\"auto\" \n                     alt=\"\" class=\"lazyload\" \n                     width=\"500\" \n                     height=\"500\" \/>\n                <\/div>\n        \n        <div class=\"imageLinkTxt\">\n        <h4 class=\"imageLinkTitre\">CREATION FOR THE PUBLIC SPACE<\/h4>                <p class=\"btnWrapper\"><span class=\"btn\"><strong> Apply<\/strong> <i class=\"fas fa-long-arrow-alt-right\"><\/i><\/p>        <\/div>\n\n    <\/a>\n   \n<\/div><\/div>\n\n\n\n<div class=\"wp-block-column is-layout-flow wp-block-column-is-layout-flow\"><div class=\"iconLinkBlock\">\n\n    <a href=\"https:\/\/v1.chroniques.org\/en\/production\/regional-emerging-creation\/\"  >\n    \n        \n        <div class=\"postThumbnailWrapper\">\n                                                        <img data-src=\"https:\/\/v1.chroniques.org\/wp-content\/uploads\/2021\/04\/PICTO-REGIONAL-noir-1000x1000.png\" \n                     data-srcset=\"https:\/\/v1.chroniques.org\/wp-content\/uploads\/2021\/04\/PICTO-REGIONAL-noir-360x360.png 360w, https:\/\/v1.chroniques.org\/wp-content\/uploads\/2021\/04\/PICTO-REGIONAL-noir-1000x1000.png 1000w\" \n                     sizes=\"(min-width: 1600px) 510px, \n                            (min-width: 780px) 33vw,\n                            (min-width: 600px) 50vw,\n                             95vw\"\n                     data-sizes=\"auto\" \n                     alt=\"\" class=\"lazyload\" \n                     width=\"500\" \n                     height=\"500\" \/>\n                <\/div>\n        \n        <div class=\"imageLinkTxt\">\n        <h4 class=\"imageLinkTitre\">REGIONAL EMERGING CREATION<\/h4>                <p class=\"btnWrapper\"><span class=\"btn\"><strong> Apply<\/strong> <i class=\"fas fa-long-arrow-alt-right\"><\/i><\/p>        <\/div>\n\n    <\/a>\n   \n<\/div><\/div>\n\n\n\n<div class=\"wp-block-column is-layout-flow wp-block-column-is-layout-flow\"><div class=\"iconLinkBlock\">\n\n    <a href=\"https:\/\/v1.chroniques.org\/en\/production\/live-audiovisual-creation-by-women-artists\/\"  >\n    \n        \n        <div class=\"postThumbnailWrapper\">\n                                                        <img data-src=\"https:\/\/v1.chroniques.org\/wp-content\/uploads\/2021\/04\/PICTO-LIVE-FEMME-noir-1000x1000.png\" \n                     data-srcset=\"https:\/\/v1.chroniques.org\/wp-content\/uploads\/2021\/04\/PICTO-LIVE-FEMME-noir-360x360.png 360w, https:\/\/v1.chroniques.org\/wp-content\/uploads\/2021\/04\/PICTO-LIVE-FEMME-noir-1000x1000.png 1000w\" \n                     sizes=\"(min-width: 1600px) 510px, \n                            (min-width: 780px) 33vw,\n                            (min-width: 600px) 50vw,\n                             95vw\"\n                     data-sizes=\"auto\" \n                     alt=\"\" class=\"lazyload\" \n                     width=\"500\" \n                     height=\"500\" \/>\n                <\/div>\n        \n        <div class=\"imageLinkTxt\">\n        <h4 class=\"imageLinkTitre\">LIVE AUDIOVISUAL CREATION BY WOMEN ARTISTS<\/h4>                <p class=\"btnWrapper\"><span class=\"btn\"><strong> Apply<\/strong> <i class=\"fas fa-long-arrow-alt-right\"><\/i><\/p>        <\/div>\n\n    <\/a>\n   \n<\/div><\/div>\n\n\n\n<div class=\"wp-block-column is-layout-flow wp-block-column-is-layout-flow\"><div class=\"iconLinkBlock\">\n\n    <a href=\"https:\/\/v1.chroniques.org\/en\/apply-with-an-existing-artwork\/\"  >\n    \n        \n        <div class=\"postThumbnailWrapper\">\n                                                        <img data-src=\"https:\/\/v1.chroniques.org\/wp-content\/uploads\/2021\/04\/PICTO-EXISTANT-noir-3-1000x1000.png\" \n                     data-srcset=\"https:\/\/v1.chroniques.org\/wp-content\/uploads\/2021\/04\/PICTO-EXISTANT-noir-3-360x360.png 360w, https:\/\/v1.chroniques.org\/wp-content\/uploads\/2021\/04\/PICTO-EXISTANT-noir-3-1000x1000.png 1000w\" \n                     sizes=\"(min-width: 1600px) 510px, \n                            (min-width: 780px) 33vw,\n                            (min-width: 600px) 50vw,\n                             95vw\"\n                     data-sizes=\"auto\" \n                     alt=\"\" class=\"lazyload\" \n                     width=\"500\" \n                     height=\"500\" \/>\n                <\/div>\n        \n        <div class=\"imageLinkTxt\">\n        <h4 class=\"imageLinkTitre\">APPLY WITH AN EXISTING ARTWORK<\/h4>                <p class=\"btnWrapper\"><span class=\"btn\"><strong> Apply<\/strong> <i class=\"fas fa-long-arrow-alt-right\"><\/i><\/p>        <\/div>\n\n    <\/a>\n   \n<\/div><\/div>\n<\/div>\n<\/div><\/div>\n","protected":false},"excerpt":{"rendered":"<p>APPLY WITH AN EXISTING ARTWORK CALL FOR PROJECTS<\/p>\n","protected":false},"author":3,"featured_media":6312,"parent":25422,"menu_order":0,"comment_status":"closed","ping_status":"closed","template":"","meta":{"footnotes":""},"_links":{"self":[{"href":"https:\/\/v1.chroniques.org\/en\/wp-json\/wp\/v2\/pages\/6856"}],"collection":[{"href":"https:\/\/v1.chroniques.org\/en\/wp-json\/wp\/v2\/pages"}],"about":[{"href":"https:\/\/v1.chroniques.org\/en\/wp-json\/wp\/v2\/types\/page"}],"author":[{"embeddable":true,"href":"https:\/\/v1.chroniques.org\/en\/wp-json\/wp\/v2\/users\/3"}],"replies":[{"embeddable":true,"href":"https:\/\/v1.chroniques.org\/en\/wp-json\/wp\/v2\/comments?post=6856"}],"version-history":[{"count":0,"href":"https:\/\/v1.chroniques.org\/en\/wp-json\/wp\/v2\/pages\/6856\/revisions"}],"up":[{"embeddable":true,"href":"https:\/\/v1.chroniques.org\/en\/wp-json\/wp\/v2\/pages\/25422"}],"wp:featuredmedia":[{"embeddable":true,"href":"https:\/\/v1.chroniques.org\/en\/wp-json\/wp\/v2\/media\/6312"}],"wp:attachment":[{"href":"https:\/\/v1.chroniques.org\/en\/wp-json\/wp\/v2\/media?parent=6856"}],"curies":[{"name":"wp","href":"https:\/\/api.w.org\/{rel}","templated":true}]}}