{"id":670,"date":"2020-07-07T14:59:57","date_gmt":"2020-07-07T12:59:57","guid":{"rendered":"\/?page_id=670"},"modified":"2024-01-22T12:56:09","modified_gmt":"2024-01-22T11:56:09","slug":"home-hors-biennale","status":"publish","type":"page","link":"https:\/\/v1.chroniques.org\/en\/","title":{"rendered":"Home"},"content":{"rendered":"\n<hr class=\"wp-block-separator has-alpha-channel-opacity is-style-wide\"\/>\n\n\n\n<h2 class=\"wp-block-heading has-text-align-center is-style-edge has-large-font-size\">UPCOMING EVENTS<\/h2>\n\n\n\n<div class=\"wp-block-columns is-layout-flex wp-container-core-columns-is-layout-1 wp-block-columns-is-layout-flex\">\n<div class=\"wp-block-column is-layout-flow wp-block-column-is-layout-flow\"><div class=\"wp-block-image\">\n<figure class=\"alignright size-large is-resized\"><img loading=\"lazy\" decoding=\"async\" src=\"https:\/\/v1.chroniques.org\/wp-content\/uploads\/2023\/08\/ataraxie-1024x683.jpeg\" alt=\"\" class=\"wp-image-25984\" width=\"644\" height=\"428\" srcset=\"https:\/\/v1.chroniques.org\/wp-content\/uploads\/2023\/08\/ataraxie-300x200.jpeg 300w, https:\/\/v1.chroniques.org\/wp-content\/uploads\/2023\/08\/ataraxie-768x512.jpeg 768w, https:\/\/v1.chroniques.org\/wp-content\/uploads\/2023\/08\/ataraxie-1536x1024.jpeg 1536w, https:\/\/v1.chroniques.org\/wp-content\/uploads\/2023\/08\/ataraxie.jpeg 1920w\" sizes=\"(max-width: 644px) 100vw, 644px\" \/><\/figure><\/div><\/div>\n\n\n\n<div class=\"wp-block-column is-layout-flow wp-block-column-is-layout-flow\">\n<h3 class=\"wp-block-heading has-violet-color has-text-color has-small-font-size\"><strong><em>Ataraxie<\/em> <\/strong><br><strong>Collectif Coin<\/strong><\/h3>\n\n\n\n<p style=\"font-size:14px\">In conjunction with the show&nbsp;<em><a rel=\"noreferrer noopener\" href=\"http:\/\/billetterie.preljocaj.org\/spectacle?id_spectacle=823&amp;lng=1\" target=\"_blank\">Et Si&#8230;<\/a><\/em>&nbsp;by Rachid Ouramdane and Maxime Houot presented at Ballet Preljocaj on Jan. 26 &amp; 27, 2024, Collectif Coin&#8217;s installation will be on view on Friday, Jan. 26 at the Amphith\u00e9\u00e2tre de la Manufacture.<br>With its row of lasers filling the space with beams of red light, <em>Ataraxie<\/em> explores the void of the unknown to question our ways of living.&nbsp;<\/p>\n\n\n\n<p style=\"font-size:14px\">Event co-produced with Le Ballet Preljocaj \/ Pavillon Noir CCN d&#8217;Aix-en-Provence and l&#8217;Amphith\u00e9\u00e2tre de la Manufacture d&#8217;Aix-en-Provence.<\/p>\n\n\n\n<p style=\"font-size:14px\"><br><a rel=\"noreferrer noopener\" href=\"https:\/\/7f823.r.bh.d.sendibt3.com\/mk\/cl\/f\/sh\/7nVU1aA6Qs4xyddt8JMwNb7KkawpQiS\/pl7UOsYcJutT\" target=\"_blank\">collectif-coin.com<\/a><\/p>\n<\/div>\n<\/div>\n\n\n\n<div style=\"height:139px\" aria-hidden=\"true\" class=\"wp-block-spacer\"><\/div>\n\n\n\n<hr class=\"wp-block-separator has-alpha-channel-opacity is-style-wide\"\/>\n\n\n\n<h2 class=\"wp-block-heading has-text-align-center is-style-edge has-large-font-size\">Previous events<\/h2>\n\n\n\n<div class=\"wp-block-media-text alignwide is-stacked-on-mobile is-vertically-aligned-top\" style=\"grid-template-columns:51% auto\"><figure class=\"wp-block-media-text__media\"><img loading=\"lazy\" decoding=\"async\" width=\"1024\" height=\"683\" src=\"https:\/\/v1.chroniques.org\/wp-content\/uploads\/2023\/11\/\u00a9-MIGUEL-CHEVALIER-1024x683.jpg\" alt=\"\" class=\"wp-image-26124 size-full\" srcset=\"https:\/\/v1.chroniques.org\/wp-content\/uploads\/2023\/11\/\u00a9-MIGUEL-CHEVALIER-1024x683.jpg 1024w, https:\/\/v1.chroniques.org\/wp-content\/uploads\/2023\/11\/\u00a9-MIGUEL-CHEVALIER-300x200.jpg 300w, https:\/\/v1.chroniques.org\/wp-content\/uploads\/2023\/11\/\u00a9-MIGUEL-CHEVALIER-768x512.jpg 768w, https:\/\/v1.chroniques.org\/wp-content\/uploads\/2023\/11\/\u00a9-MIGUEL-CHEVALIER.jpg 1500w\" sizes=\"(max-width: 1024px) 100vw, 1024px\" \/><\/figure><div class=\"wp-block-media-text__content\">\n<h3 class=\"wp-block-heading has-violet-color has-text-color has-small-font-size\"><strong>Dec. 19th 2023<br>10am &#8211; 12pm<br>Live on YouTube<\/strong><\/h3>\n\n\n\n<h3 class=\"wp-block-heading has-violet-color has-text-color has-small-font-size\">Meeting with Miguel Chevalier<br>Time to prepare for the restrictive baccalaur\u00e9at program          <\/h3>\n\n\n\n<p>As part of its Une Rentr\u00e9e Num\u00e9rique programme, CHRONIQUES, in partnership with the Acad\u00e9mie d&#8217;Aix-Marseille (DAAC and Inspection Acad\u00e9mique en Arts Plastiques) and the Grenier \u00e0 Sel d&#8217;Avignon, is organising a meeting between Miguel Chevalier and final-year students specialising in visual arts in the Bouches-du-Rh\u00f4ne region.<\/p>\n\n\n\n<p>A live stream of the event will be posted <a href=\"https:\/\/www.youtube.com\/channel\/UC_szH0BJJU0HkjYUVjLtnsA\" target=\"_blank\" rel=\"noreferrer noopener\">on CHRONIQUES&#8217;s Youtube channel.<\/a> <\/p>\n\n\n\n<p><strong>Students and teachers, don&#8217;t hesitate to tune in on your own or with your classes!<\/strong> There will be time for questions at the end of the artist&#8217;s presentation via the live chat.<\/p>\n\n\n\n<p>You can also consult the following resources:<\/p>\n\n\n\n<ul>\n<li><a href=\"https:\/\/v1.chroniques.org\/wp-content\/uploads\/2023\/11\/DP_MiguelChevalier.pdf\" target=\"_blank\" rel=\"noreferrer noopener\">The &#8220;Une Rentr\u00e9e Num\u00e9rique &#8211; Miguel Chevalier&#8221; teaching pack<\/a><\/li>\n<\/ul>\n\n\n\n<ul>\n<li><a href=\"https:\/\/youtu.be\/PbRWwmXfC44\" data-type=\"oeuvre\" target=\"_blank\" rel=\"noreferrer noopener\">The lecture Digital Art and the Anthropocene: par-del\u00e0 la \u00ab Nature \u00bb by Jean-Paul Fourmentraux.<\/a><\/li>\n<\/ul>\n\n\n\n<div class=\"wp-block-buttons is-content-justification-space-between is-layout-flex wp-container-core-buttons-is-layout-1 wp-block-buttons-is-layout-flex\">\n<div class=\"wp-block-button has-custom-font-size has-small-font-size\"><a class=\"wp-block-button__link has-newyellow-color has-violet-background-color has-text-color has-background has-text-align-center wp-element-button\" href=\"https:\/\/www.youtube.com\/channel\/UC_szH0BJJU0HkjYUVjLtnsA\" target=\"_blank\" rel=\"noreferrer noopener\">CHA\u00ceNE YOUTUBE<\/a><\/div>\n\n\n\n<div class=\"wp-block-button has-custom-font-size has-small-font-size\"><a class=\"wp-block-button__link has-newyellow-color has-violet-background-color has-text-color has-background has-text-align-center wp-element-button\" href=\"https:\/\/v1.chroniques.org\/wp-content\/uploads\/2023\/11\/DP_MiguelChevalier.pdf\" target=\"_blank\" rel=\"noreferrer noopener\">DOSSIER P\u00c9DAGOGIQUE<\/a><\/div>\n<\/div>\n<\/div><\/div>\n\n\n\n<div style=\"height:100px\" aria-hidden=\"true\" class=\"wp-block-spacer\"><\/div>\n\n\n\n<div class=\"wp-block-media-text alignwide is-stacked-on-mobile is-vertically-aligned-top\" style=\"grid-template-columns:48% auto\"><figure class=\"wp-block-media-text__media\"><img loading=\"lazy\" decoding=\"async\" width=\"1024\" height=\"681\" src=\"https:\/\/v1.chroniques.org\/wp-content\/uploads\/2023\/11\/P6YR_Q9o-1024x681.jpeg\" alt=\"\" class=\"wp-image-26141 size-full\" srcset=\"https:\/\/v1.chroniques.org\/wp-content\/uploads\/2023\/11\/P6YR_Q9o-1024x681.jpeg 1024w, https:\/\/v1.chroniques.org\/wp-content\/uploads\/2023\/11\/P6YR_Q9o-300x200.jpeg 300w, https:\/\/v1.chroniques.org\/wp-content\/uploads\/2023\/11\/P6YR_Q9o-768x511.jpeg 768w, https:\/\/v1.chroniques.org\/wp-content\/uploads\/2023\/11\/P6YR_Q9o-1536x1022.jpeg 1536w, https:\/\/v1.chroniques.org\/wp-content\/uploads\/2023\/11\/P6YR_Q9o-2048x1363.jpeg 2048w\" sizes=\"(max-width: 1024px) 100vw, 1024px\" \/><\/figure><div class=\"wp-block-media-text__content\">\n<h3 class=\"wp-block-heading has-violet-color has-text-color has-small-font-size\">Nov. <strong>27th  2023<br>6pm &#8211; 10pm<br>J4 de Marseille (MUCEM)<br>Free <\/strong><\/h3>\n\n\n\n<h3 class=\"wp-block-heading has-violet-color has-text-color has-small-font-size\">Constellations &#8211; audiovisual installation &#8211; Light projection of invisible water particles.              <\/h3>\n\n\n\n<p><strong>Joanie Lemercier<\/strong> <strong>studio <\/strong><\/p>\n\n\n\n<p>Joanie Lemercier&#8217;s work focuses on the projection of light in space and its influence on our perception.<\/p>\n\n\n\n<p>With Constellations, the artist seeks to expand the possibilities of light as a medium by using fine drops of water as a support. The three-dimensional images thus created transport us to the centre of a black hole, then through the cosmos, planets and stars, to the very edge of the universe. Constellations its a fascinating journey in which Joanie Lemercier&#8217;s vectorial and monochromatic aesthetic dialogues with the electronic soundscapes of producer Paul Jebanasam.<\/p>\n\n\n\n<p><strong>Its presentation is part of the &#8220;J&#8217;Innove&#8221; event, a metropolitan event dedicated to innovation, organised by <a href=\"https:\/\/www.facebook.com\/ampmetropole?__cft__[0]=AZUdne7EfaDWkWFxKmSKgEQm63EbEDckdLhJg-bpC82VbSLmAozZFjzJWZgxYef8-ztxvZ-HdeVOlj09Dgrqej8cPWvo-5v5Rr0tpw5VVGilwfVS_CV57DXSYOShazrvXPxmKwntd6E8FZlZacawwiFiGSY9x-_UjiU4FBYs8CxQTAcsJRFOFbgao08tGXtccFQ&amp;__tn__=-]K-R\">Aix-Marseille-Provence M\u00e9tropole<\/a><\/strong><\/p>\n<\/div><\/div>\n\n\n\n<hr class=\"wp-block-separator has-alpha-channel-opacity is-style-wide\"\/>\n\n\n\n<div class=\"wp-block-columns is-layout-flex wp-container-core-columns-is-layout-2 wp-block-columns-is-layout-flex\">\n<div class=\"wp-block-column is-layout-flow wp-block-column-is-layout-flow\">\n<figure class=\"wp-block-image size-large is-resized\"><img loading=\"lazy\" decoding=\"async\" src=\"https:\/\/v1.chroniques.org\/wp-content\/uploads\/2023\/09\/AFFICHE_PROG_SAISON-FINALENCLAUSS-682x1024.jpg\" alt=\"\" class=\"wp-image-26017\" width=\"404\" height=\"606\" srcset=\"https:\/\/v1.chroniques.org\/wp-content\/uploads\/2023\/09\/AFFICHE_PROG_SAISON-FINALENCLAUSS-682x1024.jpg 682w, https:\/\/v1.chroniques.org\/wp-content\/uploads\/2023\/09\/AFFICHE_PROG_SAISON-FINALENCLAUSS-200x300.jpg 200w, https:\/\/v1.chroniques.org\/wp-content\/uploads\/2023\/09\/AFFICHE_PROG_SAISON-FINALENCLAUSS-768x1152.jpg 768w, https:\/\/v1.chroniques.org\/wp-content\/uploads\/2023\/09\/AFFICHE_PROG_SAISON-FINALENCLAUSS-1024x1536.jpg 1024w, https:\/\/v1.chroniques.org\/wp-content\/uploads\/2023\/09\/AFFICHE_PROG_SAISON-FINALENCLAUSS.jpg 1133w\" sizes=\"(max-width: 404px) 100vw, 404px\" \/><\/figure>\n<\/div>\n\n\n\n<div class=\"wp-block-column is-layout-flow wp-block-column-is-layout-flow\">\n<h3 class=\"wp-block-heading has-violet-color has-text-color has-small-font-size\">From Oct. 11. to Nov. 11. nov, 2023<br>Opening :wed Oct. 11 oct. 6:30pm<br><span style=\"text-decoration: underline;\"><br><\/span><em><strong>Derni\u00e8re Minute<\/strong><\/em><br>Immersive installation<em><br><\/em><br><strong><a rel=\"noreferrer noopener\" href=\"https:\/\/www.am-cb.net\/projets\/derniere-minute\" target=\"_blank\">Adrien M &amp; Claire B<\/a><\/strong><\/h3>\n\n\n\n<p><\/p>\n\n\n\n<p>Following the Biennial of Digital Imaginaries 2022 and as part of our annual programming, we are joining forces with the City of Aix-en-Provence to present<strong><em> Derni\u00e8re minute<\/em><\/strong>, the immersive installation by Adrien M &amp; Claire B.<br><br>This installation is a symbolic experience, conceived around the stretching of a minute &#8211; the one just before crossing the threshold, before dying or before being born. For 30 minutes, in a space bathed in video and music, this installation offers the chance to experience together the seesaw between a before and an after, a metamorphosis at the particle level of matter.<\/p>\n\n\n\n<p>Claire Bardainne, visual artist, graphic designer and scenographer, and Adrien Mondot, multidisciplinary artist, computer scientist and juggler, founded the Adrien M &amp; Claire B company in 2011, with several projects now touring internationally.<\/p>\n\n\n\n<p><strong>Adrien M &amp; Claire B&#8217;s experience concludes with R\u00e9sonance d&#8217;\u00e2mes.<br><\/strong>Invited by the Maison internationale des \u00e9critures contemporaines (M\u00e9CA, Aix-en-Provence), poet, writer and slammer Marc Alexandre Oho Bambe, aka Capitaine Alexandre, puts his words and voice to Derni\u00e8re minute, an elegy of love stronger than death.<\/p>\n\n\n\n<hr class=\"wp-block-separator has-alpha-channel-opacity is-style-wide\"\/>\n\n\n\n<p><strong>Wednesday, October 11 to Saturday, November 11<br>Wednesday to Saturday, 3 pm to 7 pm<br>Free admission &#8211; on reservation<\/strong><br><br>Program proposed as part of the <strong><a rel=\"noreferrer noopener\" href=\"https:\/\/www.aixenprovence.fr\/Un-Automne-a-l-Archeveche\" target=\"_blank\">Un Automne \u00e0 l&#8217;Archev\u00each\u00e9<\/a><\/strong> organis\u00e9e par la Ville d&#8217;Aix-en-Provence event organized by the City of Aix-en-Provence.<\/p>\n\n\n\n<hr class=\"wp-block-separator has-alpha-channel-opacity is-style-wide\"\/>\n\n\n\n<p style=\"font-size:12px\">Conception, direction artistique, images et sc\u00e9nographie : Claire Bardainne, Adrien Mondot<br>Composition et conception sonore : Olivier Mellano<br>Conception et d\u00e9veloppement informatique :Adrien Mondot, Lo\u00efs Drouglazet R\u00e9gie g\u00e9n\u00e9rale : Jean-Marc Lano\u00eb<br>Regard ext\u00e9rieur : St\u00e9fanie James<br>Montage : Lo\u00efs Drouglazet, Jean-Marc Lano\u00eb,Yannick Mor\u00e9teau en alternance Remerciements \u00e0 Paul Brossier et Pierre-Yves Mansour<br>Administration : Marek Vuiton, assist\u00e9 de Mathis Guyetand Direction technique : Rapha\u00ebl Guenot<br>Production et diffusion : Joanna Rieussec<br>Production : Margaux Fritsch, Delphine Teypaz, Juli Allard-Schaefer<br>Production :Adrien M &amp; Claire B<br>Coproduction : Les Champs Libres, Rennes Th\u00e9\u00e2tre-S\u00e9nart, Sc\u00e8ne Nationale, Lieusaint Chaillot &#8211; Th\u00e9\u00e2tre national de la Danse, Paris<br>Aide Fonds [SCAN] &#8211; Pr\u00e9fet de la r\u00e9gion Auvergne-Rh\u00f4ne-Alpes et R\u00e9gion Auvergne-Rh\u00f4ne-Alpes DRAC Auvergne-Rh\u00f4ne-Alpes : plan de sauvegarde du spectacle vivant 2020-2021 Avec la participation du DICR\u00e9AM \u2013 Centre National du cin\u00e9ma et de l\u2019image anim\u00e9e<\/p>\n\n\n\n<p style=\"font-size:12px\">La compagnie Adrien M &amp; Claire B est conventionn\u00e9e par la DRAC Auvergne- Rh\u00f4ne-Alpes, par la R\u00e9gion Auvergne-Rh\u00f4ne-Alpes et soutenue par la Ville de Lyon.<br><br>Cr\u00e9dits R\u00e9sonances d\u2019\u00e2me Alexandre Oho Bambe<\/p>\n<\/div>\n<\/div>\n\n\n\n<hr class=\"wp-block-separator has-alpha-channel-opacity is-style-wide\"\/>\n\n\n\n<div class=\"wp-block-columns is-layout-flex wp-container-core-columns-is-layout-3 wp-block-columns-is-layout-flex\">\n<div class=\"wp-block-column is-layout-flow wp-block-column-is-layout-flow\"><div class=\"wp-block-image\">\n<figure class=\"alignright size-large is-resized\"><img loading=\"lazy\" decoding=\"async\" src=\"https:\/\/v1.chroniques.org\/wp-content\/uploads\/2023\/09\/AFFICHE_CLUBXR_V2-724x1024.jpg\" alt=\"\" class=\"wp-image-26053\" width=\"393\" height=\"556\" srcset=\"https:\/\/v1.chroniques.org\/wp-content\/uploads\/2023\/09\/AFFICHE_CLUBXR_V2-724x1024.jpg 724w, https:\/\/v1.chroniques.org\/wp-content\/uploads\/2023\/09\/AFFICHE_CLUBXR_V2-212x300.jpg 212w, https:\/\/v1.chroniques.org\/wp-content\/uploads\/2023\/09\/AFFICHE_CLUBXR_V2-768x1087.jpg 768w, https:\/\/v1.chroniques.org\/wp-content\/uploads\/2023\/09\/AFFICHE_CLUBXR_V2.jpg 841w\" sizes=\"(max-width: 393px) 100vw, 393px\" \/><\/figure><\/div><\/div>\n\n\n\n<div class=\"wp-block-column is-layout-flow wp-block-column-is-layout-flow\" id=\"club\">\n<h3 class=\"wp-block-heading has-violet-color has-text-color has-small-font-size\">Oct. 18th 2023<br>M\u00e9dialab &#8211; Friche la Belle de Mai &#8211; Marseille<br><br><strong>Launch of Club XR<br><\/strong><\/h3>\n\n\n\n<p>CHRONIQUES takes you to the heart of Virtual and Augmented Reality for its first CLUB XR launch day!<br><br><strong>Club XR is the meeting place for XR enthusiasts and those curious about virtual reality, augmented reality and mixed reality. Every three months, the club will be offering a series of highlights, including virtual reality experiences, exhibition design, digital creation workshops, discussions and meetings with artists and professionals.<\/strong><br><br><strong>Club XR will be open every Wednesday from 5.30pm to 7.30pm (except during school holidays).<br><\/strong>MEDIALAB &#8211; Friche la Belle de Mai &#8211; 41 rue Jobin, 13003 Marseille<\/p>\n\n\n\n<hr class=\"wp-block-separator has-alpha-channel-opacity is-style-wide\"\/>\n\n\n\n<p><strong>Launch day &#8211; Program : <br><br>Morning reserved for professionals:<\/strong><br>Join us for a morning packed with presentations, discussions and interactive demonstrations, hosted by Charles Ayats, designer and mixed reality expert. Together, you&#8217;ll have the opportunity to explore the world of XR and a selection of interactive and contemplative experiences.<\/p>\n\n\n\n<p>Places are limited. Detailed programme and registration at <a href=\"mailto:publics@chroniques.org\"><em>publics@chroniques.org<\/em><\/a><br><\/p>\n\n\n\n<p>&#8212; <\/p>\n\n\n\n<p><br><strong>Afternoon for all<br><\/strong>Explore a selection of fun games and artistic experiences, and discover how virtual reality and augmented reality have transformed the way we create, learn and play.<br><strong>From 2pm :<\/strong> Discover VR et AR experiences<br><strong>5pm<\/strong>: Presentation of the Club XR programme and themed pitches by Charles Ayats (VR vs ecology, VR &amp; video games, VR &amp; museums&#8230;)<br><strong>18h<\/strong> : Club XR aperitif<br><br><em>Free<\/em><\/p>\n<\/div>\n<\/div>\n\n\n\n<hr class=\"wp-block-separator has-alpha-channel-opacity is-style-wide\"\/>\n\n\n\n<div style=\"height:60px\" aria-hidden=\"true\" class=\"wp-block-spacer\"><\/div>\n\n\n\n<div class=\"wp-block-columns is-layout-flex wp-container-core-columns-is-layout-4 wp-block-columns-is-layout-flex\">\n<div class=\"wp-block-column is-layout-flow wp-block-column-is-layout-flow\"><div class=\"smallImageLinkBlock\">\n\n    <a href=\"https:\/\/vimeo.com\/795605702\/a6690655bf\">\n    \n        \n        <div class=\"postThumbnailWrapper\">\n                                                        <img data-src=\"https:\/\/v1.chroniques.org\/wp-content\/uploads\/2023\/01\/11-11-22_Biennale-Chroniques_Friche_CREDIT_Pierre-Gondard_-100-1000x1000.jpg\" \n                     data-srcset=\"https:\/\/v1.chroniques.org\/wp-content\/uploads\/2023\/01\/11-11-22_Biennale-Chroniques_Friche_CREDIT_Pierre-Gondard_-100-360x360.jpg 360w, https:\/\/v1.chroniques.org\/wp-content\/uploads\/2023\/01\/11-11-22_Biennale-Chroniques_Friche_CREDIT_Pierre-Gondard_-100-1000x1000.jpg 1000w\" \n                     sizes=\"(min-width: 1600px) 510px, \n                            (min-width: 780px) 33vw,\n                            (min-width: 600px) 50vw,\n                             95vw\"\n                     data-sizes=\"auto\" \n                     alt=\"\" \n                     class=\"lazyload\" \n                     width=\"500\" \n                     height=\"500\" \/>\n                <\/div>\n        <div class=\"postInListInfosWrapper\">\n            <h4 class=\"imageLinkTitre\">Back in pictures<\/h4>\n            <p class=\"imageLinkSousTitre\">The aftermovie of the biennial<\/p>            <span class=\"iconWrapper\"><i class=\"fas fa-long-arrow-alt-down\"><\/i><\/span>\n        <\/div>\n    <\/a>\n   \n<\/div><\/div>\n\n\n\n<div class=\"wp-block-column is-layout-flow wp-block-column-is-layout-flow\"><div class=\"smallImageLinkBlock\">\n\n    <a href=\"https:\/\/v1.chroniques.org\/la-biennale-digitalisee\/\">\n    \n        \n        <div class=\"postThumbnailWrapper\">\n                                                        <img data-src=\"https:\/\/v1.chroniques.org\/wp-content\/uploads\/2022\/09\/curatogif-min-1.gif\" \n                     data-srcset=\"https:\/\/v1.chroniques.org\/wp-content\/uploads\/2022\/09\/curatogif-min-1.gif 360w, https:\/\/v1.chroniques.org\/wp-content\/uploads\/2022\/09\/curatogif-min-1.gif 1000w\" \n                     sizes=\"(min-width: 1600px) 510px, \n                            (min-width: 780px) 33vw,\n                            (min-width: 600px) 50vw,\n                             95vw\"\n                     data-sizes=\"auto\" \n                     alt=\"\" \n                     class=\"lazyload\" \n                     width=\"500\" \n                     height=\"500\" \/>\n                <\/div>\n        <div class=\"postInListInfosWrapper\">\n            <h4 class=\"imageLinkTitre\">The digitized biennial<\/h4>\n            <p class=\"imageLinkSousTitre\">(re)discover this 3rd edition<\/p>            <span class=\"iconWrapper\"><i class=\"fas fa-long-arrow-alt-down\"><\/i><\/span>\n        <\/div>\n    <\/a>\n   \n<\/div><\/div>\n\n\n\n<div class=\"wp-block-column is-layout-flow wp-block-column-is-layout-flow\"><div class=\"smallImageLinkBlock\">\n\n    <a href=\"https:\/\/v1.chroniques.org\/wp-content\/uploads\/2023\/07\/CATALOGUE_BIN22.pdf?utm_source=brevo&amp;utm_campaign=2023-05-APP-PLATEFORME_copy_copy&amp;utm_medium=email\">\n    \n        \n        <div class=\"postThumbnailWrapper\">\n                                                        <img data-src=\"https:\/\/v1.chroniques.org\/wp-content\/uploads\/2023\/08\/catalogue-1.png\" \n                     data-srcset=\"https:\/\/v1.chroniques.org\/wp-content\/uploads\/2023\/08\/catalogue-1-360x360.png 360w, https:\/\/v1.chroniques.org\/wp-content\/uploads\/2023\/08\/catalogue-1.png 1000w\" \n                     sizes=\"(min-width: 1600px) 510px, \n                            (min-width: 780px) 33vw,\n                            (min-width: 600px) 50vw,\n                             95vw\"\n                     data-sizes=\"auto\" \n                     alt=\"\" \n                     class=\"lazyload\" \n                     width=\"500\" \n                     height=\"500\" \/>\n                <\/div>\n        <div class=\"postInListInfosWrapper\">\n            <h4 class=\"imageLinkTitre\">Biennial catalog<\/h4>\n            <p class=\"imageLinkSousTitre\">This book retraces the biennial&#8217;s programming and its links with the theme of La Nuit.<\/p>            <span class=\"iconWrapper\"><i class=\"fas fa-long-arrow-alt-down\"><\/i><\/span>\n        <\/div>\n    <\/a>\n   \n<\/div><\/div>\n<\/div>\n","protected":false},"excerpt":{"rendered":"<p>Welcome to the official website of the CHRONIQUES Biennial.<\/p>\n","protected":false},"author":1,"featured_media":0,"parent":0,"menu_order":1,"comment_status":"closed","ping_status":"closed","template":"page-templates\/page-accueil.php","meta":{"footnotes":""},"_links":{"self":[{"href":"https:\/\/v1.chroniques.org\/en\/wp-json\/wp\/v2\/pages\/670"}],"collection":[{"href":"https:\/\/v1.chroniques.org\/en\/wp-json\/wp\/v2\/pages"}],"about":[{"href":"https:\/\/v1.chroniques.org\/en\/wp-json\/wp\/v2\/types\/page"}],"author":[{"embeddable":true,"href":"https:\/\/v1.chroniques.org\/en\/wp-json\/wp\/v2\/users\/1"}],"replies":[{"embeddable":true,"href":"https:\/\/v1.chroniques.org\/en\/wp-json\/wp\/v2\/comments?post=670"}],"version-history":[{"count":9,"href":"https:\/\/v1.chroniques.org\/en\/wp-json\/wp\/v2\/pages\/670\/revisions"}],"predecessor-version":[{"id":26236,"href":"https:\/\/v1.chroniques.org\/en\/wp-json\/wp\/v2\/pages\/670\/revisions\/26236"}],"wp:attachment":[{"href":"https:\/\/v1.chroniques.org\/en\/wp-json\/wp\/v2\/media?parent=670"}],"curies":[{"name":"wp","href":"https:\/\/api.w.org\/{rel}","templated":true}]}}